{"id":119,"date":"2017-08-13T11:44:31","date_gmt":"2017-08-13T11:44:31","guid":{"rendered":"http:\/\/demo.acmethemes.com\/medical-circle\/?page_id=119"},"modified":"2025-02-05T19:14:23","modified_gmt":"2025-02-05T18:14:23","slug":"doctor-kc","status":"publish","type":"page","link":"https:\/\/lancet-chelm.pl\/?page_id=119","title":{"rendered":"Dr Andrzej Kosior"},"content":{"rendered":"<div id=\"pl-119\"  class=\"panel-layout\" ><div id=\"pg-119-0\"  class=\"panel-grid panel-no-style\" ><div id=\"pgc-119-0-0\"  class=\"panel-grid-cell\" ><div id=\"panel-119-0-0-0\" class=\"so-panel widget widget_sow-editor panel-first-child\" data-index=\"0\" ><div\n\t\t\t\n\t\t\tclass=\"so-widget-sow-editor so-widget-sow-editor-base\"\n\t\t\t\n\t\t>\n<div class=\"siteorigin-widget-tinymce textwidget\">\n\t<h2>Dr Andrzej Kosior<\/h2>\n<p>\u00a0<\/p>\n<\/div>\n<\/div><\/div><div id=\"panel-119-0-0-1\" class=\"so-panel widget widget_sow-editor panel-last-child\" data-index=\"1\" ><div\n\t\t\t\n\t\t\tclass=\"so-widget-sow-editor so-widget-sow-editor-base\"\n\t\t\t\n\t\t>\n<div class=\"siteorigin-widget-tinymce textwidget\">\n\t<p>WYKSZTA\u0141CENIE I DO\u015aWIADCZENIE:<\/p>\n<ul>\n<li>Wydzia\u0142 Lekarski Akademii Medycznej w Lublinie 1968 - 1974<\/li>\n<li>specjalizacja I stopnia z chirurgii urazowo-ortopedycznej 1980<\/li>\n<li>specjalizacja II stopnia z chirurgii urazowo-ortopedycznej 1984<\/li>\n<li>Oddzia\u0142 Urazowo-Ortopedyczny szpitala w Che\u0142mie od 1975, zast\u0119pca ordynatora w latach 1984 - 2005, ordynator w latach 2005 - 2012<\/li>\n<li>dyrektor naczelny szpitala w Che\u0142mie w latach 1988 - 2000<\/li>\n<li>Che\u0142mianin Roku 1998<\/li>\n<li>praktyka lekarska od 1990 roku<\/li>\n<li>\u017conaty, 2 dzieci i 4 wnuk\u00f3w, z kt\u00f3rych jest bardzo dumny<\/li>\n<\/ul>\n<p>&nbsp;<\/p>\n<\/div>\n<\/div><\/div><\/div><div id=\"pgc-119-0-1\"  class=\"panel-grid-cell\" ><div id=\"panel-119-0-1-0\" class=\"so-panel widget widget_sow-image panel-first-child\" data-index=\"2\" ><div\n\t\t\t\n\t\t\tclass=\"so-widget-sow-image so-widget-sow-image-default-c67d20f9f743-119\"\n\t\t\t\n\t\t>\n<div class=\"sow-image-container\">\n\t\t<img \n\tsrc=\"https:\/\/lancet-chelm.pl\/wp-content\/uploads\/2025\/02\/dr-Andrzej-Kosior.jpg\" width=\"492\" height=\"738\" srcset=\"https:\/\/lancet-chelm.pl\/wp-content\/uploads\/2025\/02\/dr-Andrzej-Kosior.jpg 492w, https:\/\/lancet-chelm.pl\/wp-content\/uploads\/2025\/02\/dr-Andrzej-Kosior-200x300.jpg 200w\" sizes=\"(max-width: 492px) 100vw, 492px\" title=\"dr Andrzej Kosior\" alt=\"\" \t\tclass=\"so-widget-image\"\/>\n\t<\/div>\n\n<\/div><\/div><div id=\"panel-119-0-1-1\" class=\"so-panel widget widget_sow-editor panel-last-child\" data-index=\"3\" ><div\n\t\t\t\n\t\t\tclass=\"so-widget-sow-editor so-widget-sow-editor-base\"\n\t\t\t\n\t\t>\n<div class=\"siteorigin-widget-tinymce textwidget\">\n\t<h4 style=\"text-align: center;\"><span style=\"color: #1e4c65;\">e-mail:<\/span><\/h4>\n<h4 style=\"text-align: center;\"><a href=\"mailto:akosior@lancet-chelm.pl\"><span style=\"color: #21b685;\">akosior@lancet-chelm.pl<\/span><\/a><\/h4>\n<\/div>\n<\/div><\/div><\/div><\/div><\/div>","protected":false},"excerpt":{"rendered":"<p>Dr Andrzej Kosior\u00a0 WYKSZTA\u0141CENIE I DO\u015aWIADCZENIE: Wydzia\u0142 Lekarski Akademii Medycznej w Lublinie 1968 &#8211; 1974 specjalizacja I stopnia z chirurgii urazowo-ortopedycznej 1980 specjalizacja II stopnia z chirurgii urazowo-ortopedycznej 1984 Oddzia\u0142 Urazowo-Ortopedyczny szpitala w Che\u0142mie od 1975, zast\u0119pca ordynatora w latach 1984 &#8211; 2005, ordynator w latach 2005 &#8211; 2012 dyrektor naczelny szpitala w Che\u0142mie w&hellip;<\/p>\n","protected":false},"author":1,"featured_media":5320,"parent":233,"menu_order":1,"comment_status":"closed","ping_status":"closed","template":"","meta":{"footnotes":""},"class_list":["post-119","page","type-page","status-publish","has-post-thumbnail","hentry"],"_links":{"self":[{"href":"https:\/\/lancet-chelm.pl\/index.php?rest_route=\/wp\/v2\/pages\/119","targetHints":{"allow":["GET"]}}],"collection":[{"href":"https:\/\/lancet-chelm.pl\/index.php?rest_route=\/wp\/v2\/pages"}],"about":[{"href":"https:\/\/lancet-chelm.pl\/index.php?rest_route=\/wp\/v2\/types\/page"}],"author":[{"embeddable":true,"href":"https:\/\/lancet-chelm.pl\/index.php?rest_route=\/wp\/v2\/users\/1"}],"replies":[{"embeddable":true,"href":"https:\/\/lancet-chelm.pl\/index.php?rest_route=%2Fwp%2Fv2%2Fcomments&post=119"}],"version-history":[{"count":24,"href":"https:\/\/lancet-chelm.pl\/index.php?rest_route=\/wp\/v2\/pages\/119\/revisions"}],"predecessor-version":[{"id":5329,"href":"https:\/\/lancet-chelm.pl\/index.php?rest_route=\/wp\/v2\/pages\/119\/revisions\/5329"}],"up":[{"embeddable":true,"href":"https:\/\/lancet-chelm.pl\/index.php?rest_route=\/wp\/v2\/pages\/233"}],"wp:featuredmedia":[{"embeddable":true,"href":"https:\/\/lancet-chelm.pl\/index.php?rest_route=\/wp\/v2\/media\/5320"}],"wp:attachment":[{"href":"https:\/\/lancet-chelm.pl\/index.php?rest_route=%2Fwp%2Fv2%2Fmedia&parent=119"}],"curies":[{"name":"wp","href":"https:\/\/api.w.org\/{rel}","templated":true}]}}