{"id":131,"date":"2017-08-13T12:07:52","date_gmt":"2017-08-13T12:07:52","guid":{"rendered":"http:\/\/demo.acmethemes.com\/medical-circle\/?page_id=131"},"modified":"2025-05-04T20:29:31","modified_gmt":"2025-05-04T18:29:31","slug":"anna","status":"publish","type":"page","link":"https:\/\/lancet-chelm.pl\/?page_id=131","title":{"rendered":"Recepcja"},"content":{"rendered":"<div id=\"pl-131\"  class=\"panel-layout\" ><div id=\"pg-131-0\"  class=\"panel-grid panel-no-style\" ><div id=\"pgc-131-0-0\"  class=\"panel-grid-cell\" ><div id=\"panel-131-0-0-0\" class=\"so-panel widget widget_sow-image panel-first-child panel-last-child\" data-index=\"0\" ><div\n\t\t\t\n\t\t\tclass=\"so-widget-sow-image so-widget-sow-image-default-c67d20f9f743-131\"\n\t\t\t\n\t\t>\n<div class=\"sow-image-container\">\n\t\t<img \n\tsrc=\"https:\/\/lancet-chelm.pl\/wp-content\/uploads\/2025\/02\/Lancet_inside-15.jpg\" width=\"800\" height=\"598\" srcset=\"https:\/\/lancet-chelm.pl\/wp-content\/uploads\/2025\/02\/Lancet_inside-15.jpg 800w, https:\/\/lancet-chelm.pl\/wp-content\/uploads\/2025\/02\/Lancet_inside-15-300x224.jpg 300w, https:\/\/lancet-chelm.pl\/wp-content\/uploads\/2025\/02\/Lancet_inside-15-768x574.jpg 768w\" sizes=\"(max-width: 800px) 100vw, 800px\" title=\"Lancet_inside (15)\" alt=\"\" \t\tclass=\"so-widget-image\"\/>\n\t<\/div>\n\n<\/div><\/div><\/div><div id=\"pgc-131-0-1\"  class=\"panel-grid-cell\" ><div id=\"panel-131-0-1-0\" class=\"so-panel widget widget_sow-editor panel-first-child panel-last-child\" data-index=\"1\" ><div\n\t\t\t\n\t\t\tclass=\"so-widget-sow-editor so-widget-sow-editor-base\"\n\t\t\t\n\t\t>\n<div class=\"siteorigin-widget-tinymce textwidget\">\n\t<ul>\n<li>Recepcja w czasie zast\u0119pstwa za Kamil\u0119 Fedorowicz jest prowadzona przez Tetian\u0119 Kapeluszn\u0105.<\/li>\n<li>Zapraszamy do rejestracji wizyty lekarskiej bezpo\u015brednio w recepcji przychodni, telefonicznie lub on-line.<\/li>\n<li>Rejestracja telefoniczna Lancetu czynna jest od poniedzia\u0142ku do pi\u0105tku w godzinach 12:00 - 16:00.<\/li>\n<li>Na wizyt\u0119 mo\u017cna zapisa\u0107 si\u0119 <a href=\"http:\/\/lancet-chelm.pl\/?page_id=2\">on-line<\/a> do wybranych lekarzy.<\/li>\n<\/ul>\n<\/div>\n<\/div><\/div><\/div><\/div><div id=\"pg-131-1\"  class=\"panel-grid panel-no-style\" ><div id=\"pgc-131-1-0\"  class=\"panel-grid-cell\" ><div id=\"panel-131-1-0-0\" class=\"so-panel widget widget_sow-editor panel-first-child panel-last-child\" data-index=\"2\" ><div\n\t\t\t\n\t\t\tclass=\"so-widget-sow-editor so-widget-sow-editor-base\"\n\t\t\t\n\t\t>\n<div class=\"siteorigin-widget-tinymce textwidget\">\n\t<p style=\"text-align: center;\">Ze wzgl\u0119du na bardzo du\u017c\u0105 liczb\u0119 pacjent\u00f3w prosimy o zrozumienie i cierpliwo\u015b\u0107. Okres oczekiwania na wizyt\u0119 mo\u017ce si\u0119ga\u0107 12 tygodni. Ka\u017cdy zarejestrowany pacjent przed zbli\u017caj\u0105cym si\u0119 terminem wizyty b\u0119dzie proszony telefonicznie lub przez SMS o potwierdzenie przybycia.<\/p>\n<\/div>\n<\/div><\/div><\/div><\/div><\/div>","protected":false},"excerpt":{"rendered":"<p>Recepcja w czasie zast\u0119pstwa za Kamil\u0119 Fedorowicz jest prowadzona przez Tetian\u0119 Kapeluszn\u0105. Zapraszamy do rejestracji wizyty lekarskiej bezpo\u015brednio w recepcji przychodni, telefonicznie lub on-line. Rejestracja telefoniczna Lancetu czynna jest od poniedzia\u0142ku do pi\u0105tku w godzinach 12:00 &#8211; 16:00. Na wizyt\u0119 mo\u017cna zapisa\u0107 si\u0119 on-line do wybranych lekarzy. Ze wzgl\u0119du na bardzo du\u017c\u0105 liczb\u0119 pacjent\u00f3w prosimy&hellip;<\/p>\n","protected":false},"author":1,"featured_media":5359,"parent":0,"menu_order":0,"comment_status":"closed","ping_status":"closed","template":"","meta":{"footnotes":""},"class_list":["post-131","page","type-page","status-publish","has-post-thumbnail","hentry"],"_links":{"self":[{"href":"https:\/\/lancet-chelm.pl\/index.php?rest_route=\/wp\/v2\/pages\/131","targetHints":{"allow":["GET"]}}],"collection":[{"href":"https:\/\/lancet-chelm.pl\/index.php?rest_route=\/wp\/v2\/pages"}],"about":[{"href":"https:\/\/lancet-chelm.pl\/index.php?rest_route=\/wp\/v2\/types\/page"}],"author":[{"embeddable":true,"href":"https:\/\/lancet-chelm.pl\/index.php?rest_route=\/wp\/v2\/users\/1"}],"replies":[{"embeddable":true,"href":"https:\/\/lancet-chelm.pl\/index.php?rest_route=%2Fwp%2Fv2%2Fcomments&post=131"}],"version-history":[{"count":34,"href":"https:\/\/lancet-chelm.pl\/index.php?rest_route=\/wp\/v2\/pages\/131\/revisions"}],"predecessor-version":[{"id":5478,"href":"https:\/\/lancet-chelm.pl\/index.php?rest_route=\/wp\/v2\/pages\/131\/revisions\/5478"}],"wp:featuredmedia":[{"embeddable":true,"href":"https:\/\/lancet-chelm.pl\/index.php?rest_route=\/wp\/v2\/media\/5359"}],"wp:attachment":[{"href":"https:\/\/lancet-chelm.pl\/index.php?rest_route=%2Fwp%2Fv2%2Fmedia&parent=131"}],"curies":[{"name":"wp","href":"https:\/\/api.w.org\/{rel}","templated":true}]}}