{"id":1720,"date":"2019-07-29T20:26:08","date_gmt":"2019-07-29T20:26:08","guid":{"rendered":"https:\/\/lancet-chelm.pl\/?page_id=1720"},"modified":"2025-02-05T19:53:20","modified_gmt":"2025-02-05T18:53:20","slug":"dr-mateusz-kominek","status":"publish","type":"page","link":"https:\/\/lancet-chelm.pl\/?page_id=1720","title":{"rendered":"Dr Mateusz Kominek"},"content":{"rendered":"<div id=\"pl-1720\"  class=\"panel-layout\" ><div id=\"pg-1720-0\"  class=\"panel-grid panel-no-style\" ><div id=\"pgc-1720-0-0\"  class=\"panel-grid-cell\" ><div id=\"panel-1720-0-0-0\" class=\"so-panel widget widget_sow-editor panel-first-child\" data-index=\"0\" ><div\n\t\t\t\n\t\t\tclass=\"so-widget-sow-editor so-widget-sow-editor-base\"\n\t\t\t\n\t\t>\n<div class=\"siteorigin-widget-tinymce textwidget\">\n\t<h2>Dr Mateusz Kominek<\/h2>\n<\/div>\n<\/div><\/div><div id=\"panel-1720-0-0-1\" class=\"so-panel widget widget_sow-editor panel-last-child\" data-index=\"1\" ><div\n\t\t\t\n\t\t\tclass=\"so-widget-sow-editor so-widget-sow-editor-base\"\n\t\t\t\n\t\t>\n<div class=\"siteorigin-widget-tinymce textwidget\">\n\t<h4>WYKSZTA\u0141CENIE i DO\u015aWIADCZENIE ZAWODOWE:<\/h4>\n<ul>\n<li>\nSpecjalista Ortopedii i Traumatologii Narz\u0105du Ruchu<\/li>\n<li>\nObecnie - Asystent w Klinice Rehabilitacji i Ortopedii Uniwersytetu Medycznego w Lublinie<br \/>\nDo 2019 roku asystent w Klinice Ortopedii i Traumatologii Uniwersytetu Medycznego w Lublinie<br \/>\n2014 - obrona pracy doktorskiej z dziedziny neurofarmakologii<br \/>\n2010 - 2018 szkolenie specjalizacyjne w Klinice Ortopedii i Rehabilitacji oraz Klinice Ortopedii i Traumatologii Uniwersytetu Medycznego w Lublinie<br \/>\n2010 - Sta\u017c podyplomowy w Okr\u0119gowym Szpitalu Kolejowym w Lublinie<br \/>\n2009 - Uko\u0144czenie Studi\u00f3w na II Wydziale Lekarskim z Oddzia\u0142em Angloj\u0119zycznym Uniwersytetu Medycznego w Lublinie<\/li>\n<li>Cz\u0142onek Polskiego Towarzystwa Chirurgii Kr\u0119gos\u0142upa oraz AO Spine<\/li>\n<\/ul>\n<p>&nbsp;<\/p>\n<ul>\n<li style=\"text-align: center;\">\nG\u0142\u00f3wne zainteresowania zawodowe to dysfunkcje kr\u0119gos\u0142upa, min. choroba zwyrodnieniowa, niestabilno\u015b\u0107 kr\u0119gos\u0142upa, dyskopatia, wrodzone i nabyte wady budowy kr\u0119gos\u0142upa takie jak skolioza, choroba Sheuermanna, z\u0142amania kr\u0119g\u00f3w, uszkodzenia rdzenia kr\u0119gowego, b\u00f3le grzbietu. Leczenie operacyjne oraz lecznicze usprawnianie pacjent\u00f3w z chorobami kr\u0119gos\u0142upa.<\/li>\n<\/ul>\n<\/div>\n<\/div><\/div><\/div><div id=\"pgc-1720-0-1\"  class=\"panel-grid-cell\" ><div id=\"panel-1720-0-1-0\" class=\"so-panel widget widget_sow-image panel-first-child\" data-index=\"2\" ><div\n\t\t\t\n\t\t\tclass=\"so-widget-sow-image so-widget-sow-image-default-8b5b6f678277-1720\"\n\t\t\t\n\t\t>\n<div class=\"sow-image-container\">\n\t\t<img \n\tsrc=\"https:\/\/lancet-chelm.pl\/wp-content\/uploads\/2025\/02\/dr-Mateusz-Kominek.jpg\" width=\"492\" height=\"738\" srcset=\"https:\/\/lancet-chelm.pl\/wp-content\/uploads\/2025\/02\/dr-Mateusz-Kominek.jpg 492w, https:\/\/lancet-chelm.pl\/wp-content\/uploads\/2025\/02\/dr-Mateusz-Kominek-200x300.jpg 200w\" sizes=\"(max-width: 492px) 100vw, 492px\" title=\"dr Mateusz Kominek\" alt=\"\" \t\tclass=\"so-widget-image\"\/>\n\t<\/div>\n\n<\/div><\/div><div id=\"panel-1720-0-1-1\" class=\"so-panel widget widget_sow-editor panel-last-child\" data-index=\"3\" ><div\n\t\t\t\n\t\t\tclass=\"so-widget-sow-editor so-widget-sow-editor-base\"\n\t\t\t\n\t\t>\n<div class=\"siteorigin-widget-tinymce textwidget\">\n\t<h4 style=\"text-align: center;\"><strong>e-mail:<\/strong><\/h4>\n<p style=\"text-align: center;\"><strong><a href=\"mailto:mkominek@lancet-chelm.pl\">mkominek@lancet-chelm.pl<\/a><\/strong><\/p>\n<\/div>\n<\/div><\/div><\/div><\/div><\/div>","protected":false},"excerpt":{"rendered":"<p>Dr Mateusz Kominek WYKSZTA\u0141CENIE i DO\u015aWIADCZENIE ZAWODOWE: Specjalista Ortopedii i Traumatologii Narz\u0105du Ruchu Obecnie &#8211; Asystent w Klinice Rehabilitacji i Ortopedii Uniwersytetu Medycznego w Lublinie Do 2019 roku asystent w Klinice Ortopedii i Traumatologii Uniwersytetu Medycznego w Lublinie 2014 &#8211; obrona pracy doktorskiej z dziedziny neurofarmakologii 2010 &#8211; 2018 szkolenie specjalizacyjne w Klinice Ortopedii i&hellip;<\/p>\n","protected":false},"author":1,"featured_media":5324,"parent":233,"menu_order":6,"comment_status":"closed","ping_status":"closed","template":"","meta":{"footnotes":""},"class_list":["post-1720","page","type-page","status-publish","has-post-thumbnail","hentry"],"_links":{"self":[{"href":"https:\/\/lancet-chelm.pl\/index.php?rest_route=\/wp\/v2\/pages\/1720","targetHints":{"allow":["GET"]}}],"collection":[{"href":"https:\/\/lancet-chelm.pl\/index.php?rest_route=\/wp\/v2\/pages"}],"about":[{"href":"https:\/\/lancet-chelm.pl\/index.php?rest_route=\/wp\/v2\/types\/page"}],"author":[{"embeddable":true,"href":"https:\/\/lancet-chelm.pl\/index.php?rest_route=\/wp\/v2\/users\/1"}],"replies":[{"embeddable":true,"href":"https:\/\/lancet-chelm.pl\/index.php?rest_route=%2Fwp%2Fv2%2Fcomments&post=1720"}],"version-history":[{"count":18,"href":"https:\/\/lancet-chelm.pl\/index.php?rest_route=\/wp\/v2\/pages\/1720\/revisions"}],"predecessor-version":[{"id":5334,"href":"https:\/\/lancet-chelm.pl\/index.php?rest_route=\/wp\/v2\/pages\/1720\/revisions\/5334"}],"up":[{"embeddable":true,"href":"https:\/\/lancet-chelm.pl\/index.php?rest_route=\/wp\/v2\/pages\/233"}],"wp:featuredmedia":[{"embeddable":true,"href":"https:\/\/lancet-chelm.pl\/index.php?rest_route=\/wp\/v2\/media\/5324"}],"wp:attachment":[{"href":"https:\/\/lancet-chelm.pl\/index.php?rest_route=%2Fwp%2Fv2%2Fmedia&parent=1720"}],"curies":[{"name":"wp","href":"https:\/\/api.w.org\/{rel}","templated":true}]}}