{"id":344,"date":"2018-04-15T16:39:41","date_gmt":"2018-04-15T16:39:41","guid":{"rendered":"http:\/\/lancet-chelm.pl\/?page_id=344"},"modified":"2026-01-02T11:13:48","modified_gmt":"2026-01-02T10:13:48","slug":"cennik","status":"publish","type":"page","link":"https:\/\/lancet-chelm.pl\/?page_id=344","title":{"rendered":"Cennik"},"content":{"rendered":"<div id=\"pl-344\"  class=\"panel-layout\" ><div id=\"pg-344-0\"  class=\"panel-grid panel-no-style\" ><div id=\"pgc-344-0-0\"  class=\"panel-grid-cell\" ><div id=\"panel-344-0-0-0\" class=\"so-panel widget widget_sow-headline panel-first-child\" data-index=\"0\" ><div\n\t\t\t\n\t\t\tclass=\"so-widget-sow-headline so-widget-sow-headline-default-971bda712e2f-344\"\n\t\t\t\n\t\t><div class=\"sow-headline-container \">\n\t\t\t\t\t\t\t<h1 class=\"sow-headline\">\n\t\t\t\t\t\tCENNIK US\u0141UG\t\t\t\t\t\t<\/h1>\n\t\t\t\t\t\t\t\t\t\t\t<div class=\"decoration\">\n\t\t\t\t\t\t<div class=\"decoration-inside\"><\/div>\n\t\t\t\t\t<\/div>\n\t\t\t\t\t<\/div>\n<\/div><\/div><div id=\"panel-344-0-0-1\" class=\"so-panel widget widget_sow-editor panel-last-child\" data-index=\"1\" ><div\n\t\t\t\n\t\t\tclass=\"so-widget-sow-editor so-widget-sow-editor-base\"\n\t\t\t\n\t\t>\n<div class=\"siteorigin-widget-tinymce textwidget\">\n\t<p style=\"text-align: center;\">Ostateczna cena wizyty uzale\u017cniona jest od tego, czy obejmuje ona te\u017c dodatkowe procedury diagnostyczne (np. wykonanie USG) lub procedury zabiegowe (np. iniekcje dostawowe, usuni\u0119cie szw\u00f3w, zmiana opatrunku, itp.). W\u00f3wczas do kosztu wizyty poza konsultacj\u0105 lekarsk\u0105 wliczane s\u0105 koszty zu\u017cytych lek\u00f3w, narz\u0119dzi, materia\u0142\u00f3w opatrunkowych, itp.<\/p>\n<p style=\"text-align: center;\">Orientacyjne ceny konsultacji lekarskich :<\/p>\n<\/div>\n<\/div><\/div><\/div><\/div><div id=\"pg-344-1\"  class=\"panel-grid panel-no-style\" ><div id=\"pgc-344-1-0\"  class=\"panel-grid-cell\" ><div id=\"panel-344-1-0-0\" class=\"so-panel widget widget_sow-headline panel-first-child panel-last-child\" data-index=\"2\" ><div\n\t\t\t\n\t\t\tclass=\"so-widget-sow-headline so-widget-sow-headline-default-7773461763fd-344\"\n\t\t\t\n\t\t><div class=\"sow-headline-container \">\n\t\t\t\t\t\t\t<h1 class=\"sow-headline\">\n\t\t\t\t\t\tWizyty\t\t\t\t\t\t<\/h1>\n\t\t\t\t\t\t\t\t\t\t\t<div class=\"decoration\">\n\t\t\t\t\t\t<div class=\"decoration-inside\"><\/div>\n\t\t\t\t\t<\/div>\n\t\t\t\t\t<\/div>\n<\/div><\/div><\/div><\/div><div id=\"pg-344-2\"  class=\"panel-grid panel-no-style\" ><div id=\"pgc-344-2-0\"  class=\"panel-grid-cell\" ><div id=\"panel-344-2-0-0\" class=\"so-panel widget widget_sow-editor panel-first-child panel-last-child\" data-index=\"3\" ><div\n\t\t\t\n\t\t\tclass=\"so-widget-sow-editor so-widget-sow-editor-base\"\n\t\t\t\n\t\t>\n<div class=\"siteorigin-widget-tinymce textwidget\">\n\t<hr \/>\n<h3><span style=\"color: #1e4c65;\">lek.med. Andrzej Kosior\u00a0 - <\/span><span style=\"color: #21b685;\">od 150 z\u0142<\/span><\/h3>\n<hr \/>\n<h3><span style=\"color: #1e4c65;\">dr hab. n.med. Jaromir Jarecki - <span style=\"color: #21b685;\">300 z\u0142 (z USG +100 z\u0142)<\/span><\/span><\/h3>\n<hr \/>\n<h3><span style=\"color: #1e4c65;\">dr n. med. Piotr Kosior - <span style=\"color: #21b685;\">200 z\u0142\/250 z\u0142 (pierwsza wizyta)\u00a0<\/span><\/span><\/h3>\n<hr \/>\n<h3><span style=\"color: #1e4c65;\">dr n.med. \u0141ukasz Kozak - <span style=\"color: #21b685;\">od 250 z\u0142<\/span><\/span><\/h3>\n<hr \/>\n<h3><span style=\"color: #1e4c65;\">dr hab. n. med. Ewa Kosior-Jarecka - <span style=\"color: #21b685;\">200 z\u0142<\/span><\/span><\/h3>\n<hr \/>\n<h3><span style=\"color: #1e4c65;\">dr n.med. Mateusz Kominek<\/span> - <span style=\"color: #21b685;\">200 z\u0142<\/span><\/h3>\n<\/div>\n<\/div><\/div><\/div><\/div><div id=\"pg-344-3\"  class=\"panel-grid panel-no-style\" ><div id=\"pgc-344-3-0\"  class=\"panel-grid-cell\" ><div id=\"panel-344-3-0-0\" class=\"so-panel widget widget_sow-headline panel-first-child panel-last-child\" data-index=\"4\" ><div\n\t\t\t\n\t\t\tclass=\"so-widget-sow-headline so-widget-sow-headline-default-484c97998f34-344\"\n\t\t\t\n\t\t><div class=\"sow-headline-container \">\n\t\t\t\t\t\t\t<h1 class=\"sow-headline\">\n\t\t\t\t\t\tZabiegi\t\t\t\t\t\t<\/h1>\n\t\t\t\t\t\t\t\t\t\t\t<div class=\"decoration\">\n\t\t\t\t\t\t<div class=\"decoration-inside\"><\/div>\n\t\t\t\t\t<\/div>\n\t\t\t\t\t<\/div>\n<\/div><\/div><\/div><\/div><div id=\"pg-344-4\"  class=\"panel-grid panel-no-style\" ><div id=\"pgc-344-4-0\"  class=\"panel-grid-cell\" ><div id=\"panel-344-4-0-0\" class=\"so-panel widget widget_sow-headline panel-first-child panel-last-child\" data-index=\"5\" ><div\n\t\t\t\n\t\t\tclass=\"so-widget-sow-headline so-widget-sow-headline-default-d383e38afe59-344 so-widget-fittext-wrapper\"\n\t\t\t data-fit-text-compressor=\"0.85\"\n\t\t><div class=\"sow-headline-container \">\n\t\t\t\t\t\t\t<h4 class=\"sow-headline\">\n\t\t\t\t\t\tORTOBIOLOGIA\t\t\t\t\t\t<\/h4>\n\t\t\t\t\t\t\t\t\t\t\t<div class=\"decoration\">\n\t\t\t\t\t\t<div class=\"decoration-inside\"><\/div>\n\t\t\t\t\t<\/div>\n\t\t\t\t\t<\/div>\n<\/div><\/div><\/div><div id=\"pgc-344-4-1\"  class=\"panel-grid-cell\" ><div id=\"panel-344-4-1-0\" class=\"so-panel widget widget_sow-editor panel-first-child panel-last-child\" data-index=\"6\" ><div\n\t\t\t\n\t\t\tclass=\"so-widget-sow-editor so-widget-sow-editor-base\"\n\t\t\t\n\t\t>\n<div class=\"siteorigin-widget-tinymce textwidget\">\n\t<ul>\n<li style=\"text-align: right;\">przygotowanie i iniekcja preparatu kom\u00f3rek mezenchymalnych SVF Arthrex\u00a0 - <span style=\"color: #21b685;\">5000 z\u0142<\/span><\/li>\n<li style=\"text-align: right;\">przygotowanie i iniekcja preparatu osocza bogatop\u0142ytkowego PRP RECOVER Zimmer Biomet - <span style=\"color: #21b685;\">1350 z\u0142<\/span><\/li>\n<li style=\"text-align: right;\">przygotowanie i iniekcja preparatu WINT Biovico - <span style=\"color: #21b685;\">950 z\u0142<\/span><\/li>\n<li style=\"text-align: right;\">przygotowanie i iniekcja preparatu PRP z hialuronianem Monoshot Biovico - <span style=\"color: #21b685;\">900 z\u0142<\/span><\/li>\n<li style=\"text-align: right;\">przygotowanie i iniekcja autologicznych bia\u0142ek przeciwzapalnych APS nSTRIDE ZimmerBiomet - <span style=\"color: #21b685;\">4200 z\u0142<\/span><\/li>\n<li style=\"text-align: right;\">przygotowanie i iniekcja preparatu ACP Arthrex - <span style=\"color: #21b685;\">650 z\u0142<\/span><\/li>\n<li style=\"text-align: right;\">przygotowanie i iniekcja preparatu ACP MAX Arthrex - <span style=\"color: #21b685;\">1500 z\u0142<\/span><\/li>\n<\/ul>\n<\/div>\n<\/div><\/div><\/div><\/div><div id=\"pg-344-5\"  class=\"panel-grid panel-no-style\" ><div id=\"pgc-344-5-0\"  class=\"panel-grid-cell\" ><div id=\"panel-344-5-0-0\" class=\"so-panel widget widget_sow-headline panel-first-child panel-last-child\" data-index=\"7\" ><div\n\t\t\t\n\t\t\tclass=\"so-widget-sow-headline so-widget-sow-headline-default-d383e38afe59-344\"\n\t\t\t\n\t\t><div class=\"sow-headline-container \">\n\t\t\t\t\t\t\t<h4 class=\"sow-headline\">\n\t\t\t\t\t\tHIALURONIANY\t\t\t\t\t\t<\/h4>\n\t\t\t\t\t\t\t\t\t\t\t<div class=\"decoration\">\n\t\t\t\t\t\t<div class=\"decoration-inside\"><\/div>\n\t\t\t\t\t<\/div>\n\t\t\t\t\t<\/div>\n<\/div><\/div><\/div><div id=\"pgc-344-5-1\"  class=\"panel-grid-cell\" ><div id=\"panel-344-5-1-0\" class=\"so-panel widget widget_sow-editor panel-first-child panel-last-child\" data-index=\"8\" ><div\n\t\t\t\n\t\t\tclass=\"so-widget-sow-editor so-widget-sow-editor-base\"\n\t\t\t\n\t\t>\n<div class=\"siteorigin-widget-tinymce textwidget\">\n\t<ul>\n<li style=\"text-align: right;\">Sinovial HL 3,2%\/2ml<\/li>\n<li style=\"text-align: right;\">Biolevox 2,5 % HA One 120mg\/4,8 ml<\/li>\n<li style=\"text-align: right;\">Biolevox 1,6 % HA 1 ml<\/li>\n<li style=\"text-align: right;\">Fluicondrial M 80mg\/4ml<\/li>\n<li style=\"text-align: right;\">OST Plus 40mg\/2ml<\/li>\n<li style=\"text-align: right;\">OST Tendon 40mg\/2ml<\/li>\n<li style=\"text-align: right;\">Cingal Plus 88mg\/4ml<\/li>\n<\/ul>\n<p>&nbsp;<\/p>\n<\/div>\n<\/div><\/div><\/div><\/div><div id=\"pg-344-6\"  class=\"panel-grid panel-no-style\" ><div id=\"pgc-344-6-0\"  class=\"panel-grid-cell\" ><div id=\"panel-344-6-0-0\" class=\"so-panel widget widget_sow-headline panel-first-child panel-last-child\" data-index=\"9\" ><div\n\t\t\t\n\t\t\tclass=\"so-widget-sow-headline so-widget-sow-headline-default-d383e38afe59-344\"\n\t\t\t\n\t\t><div class=\"sow-headline-container \">\n\t\t\t\t\t\t\t<h4 class=\"sow-headline\">\n\t\t\t\t\t\tREHABILITACJA\t\t\t\t\t\t<\/h4>\n\t\t\t\t\t\t\t\t\t\t\t<div class=\"decoration\">\n\t\t\t\t\t\t<div class=\"decoration-inside\"><\/div>\n\t\t\t\t\t<\/div>\n\t\t\t\t\t<\/div>\n<\/div><\/div><\/div><div id=\"pgc-344-6-1\"  class=\"panel-grid-cell\" ><div id=\"panel-344-6-1-0\" class=\"so-panel widget widget_sow-editor panel-first-child panel-last-child\" data-index=\"10\" ><div\n\t\t\t\n\t\t\tclass=\"so-widget-sow-editor so-widget-sow-editor-base\"\n\t\t\t\n\t\t>\n<div class=\"siteorigin-widget-tinymce textwidget\">\n\t<ul>\n<li style=\"text-align: right;\"><span style=\"text-align: right;\">kompleksowy zabieg fali uderzeniowej ESWT - <\/span><span style=\"color: #21b685;\">85 z\u0142<\/span><\/li>\n<li style=\"text-align: right;\">przezsk\u00f3rna ig\u0142owa elektroliza PNE - <span style=\"color: #21b685;\">140 z\u0142<\/span><\/li>\n<li style=\"text-align: right;\">mobilizacje powi\u0119ziowe - <span style=\"color: #21b685;\">120 z\u0142<\/span><\/li>\n<li style=\"text-align: right;\">terapia b\u00f3l\u00f3w kr\u0119gos\u0142upa ESWT Spine-Actor - <span style=\"color: #21b685;\">99\u00a0z\u0142<\/span><\/li>\n<\/ul>\n<\/div>\n<\/div><\/div><\/div><\/div><div id=\"pg-344-7\"  class=\"panel-grid panel-no-style\" ><div id=\"pgc-344-7-0\"  class=\"panel-grid-cell\" ><div id=\"panel-344-7-0-0\" class=\"so-panel widget widget_sow-headline panel-first-child panel-last-child\" data-index=\"11\" ><div\n\t\t\t\n\t\t\tclass=\"so-widget-sow-headline so-widget-sow-headline-default-d383e38afe59-344\"\n\t\t\t\n\t\t><div class=\"sow-headline-container \">\n\t\t\t\t\t\t\t<h4 class=\"sow-headline\">\n\t\t\t\t\t\tINNE\t\t\t\t\t\t<\/h4>\n\t\t\t\t\t\t\t\t\t\t\t<div class=\"decoration\">\n\t\t\t\t\t\t<div class=\"decoration-inside\"><\/div>\n\t\t\t\t\t<\/div>\n\t\t\t\t\t<\/div>\n<\/div><\/div><\/div><div id=\"pgc-344-7-1\"  class=\"panel-grid-cell\" ><div id=\"panel-344-7-1-0\" class=\"so-panel widget widget_sow-editor panel-first-child panel-last-child\" data-index=\"12\" ><div\n\t\t\t\n\t\t\tclass=\"so-widget-sow-editor so-widget-sow-editor-base\"\n\t\t\t\n\t\t>\n<div class=\"siteorigin-widget-tinymce textwidget\">\n\t<ul>\n<li style=\"text-align: right;\">usuni\u0119cie szw\u00f3w -<span style=\"color: #21b685;\"> 70 z\u0142<\/span><\/li>\n<li style=\"text-align: right;\">usuni\u0119cie zszywek - <span style=\"color: #21b685;\">90 z\u0142<\/span><\/li>\n<li style=\"text-align: right;\">za\u0142o\u017cenie unieruchomienia (bez kosztu opasek) - <span style=\"color: #21b685;\">100 z\u0142<\/span><\/li>\n<\/ul>\n<\/div>\n<\/div><\/div><\/div><\/div><\/div>","protected":false},"excerpt":{"rendered":"<p>Ostateczna cena wizyty uzale\u017cniona jest od tego, czy obejmuje ona te\u017c dodatkowe procedury diagnostyczne (np. wykonanie USG) lub procedury zabiegowe (np. iniekcje dostawowe, usuni\u0119cie szw\u00f3w, zmiana opatrunku, itp.). W\u00f3wczas do kosztu wizyty poza konsultacj\u0105 lekarsk\u0105 wliczane s\u0105 koszty zu\u017cytych lek\u00f3w, narz\u0119dzi, materia\u0142\u00f3w opatrunkowych, itp. Orientacyjne ceny konsultacji lekarskich :<\/p>\n","protected":false},"author":1,"featured_media":5422,"parent":0,"menu_order":0,"comment_status":"closed","ping_status":"closed","template":"","meta":{"footnotes":""},"class_list":["post-344","page","type-page","status-publish","has-post-thumbnail","hentry"],"_links":{"self":[{"href":"https:\/\/lancet-chelm.pl\/index.php?rest_route=\/wp\/v2\/pages\/344","targetHints":{"allow":["GET"]}}],"collection":[{"href":"https:\/\/lancet-chelm.pl\/index.php?rest_route=\/wp\/v2\/pages"}],"about":[{"href":"https:\/\/lancet-chelm.pl\/index.php?rest_route=\/wp\/v2\/types\/page"}],"author":[{"embeddable":true,"href":"https:\/\/lancet-chelm.pl\/index.php?rest_route=\/wp\/v2\/users\/1"}],"replies":[{"embeddable":true,"href":"https:\/\/lancet-chelm.pl\/index.php?rest_route=%2Fwp%2Fv2%2Fcomments&post=344"}],"version-history":[{"count":156,"href":"https:\/\/lancet-chelm.pl\/index.php?rest_route=\/wp\/v2\/pages\/344\/revisions"}],"predecessor-version":[{"id":5589,"href":"https:\/\/lancet-chelm.pl\/index.php?rest_route=\/wp\/v2\/pages\/344\/revisions\/5589"}],"wp:featuredmedia":[{"embeddable":true,"href":"https:\/\/lancet-chelm.pl\/index.php?rest_route=\/wp\/v2\/media\/5422"}],"wp:attachment":[{"href":"https:\/\/lancet-chelm.pl\/index.php?rest_route=%2Fwp%2Fv2%2Fmedia&parent=344"}],"curies":[{"name":"wp","href":"https:\/\/api.w.org\/{rel}","templated":true}]}}