{"id":5159,"date":"2024-11-17T19:19:27","date_gmt":"2024-11-17T18:19:27","guid":{"rendered":"https:\/\/lancet-chelm.pl\/?page_id=5159"},"modified":"2025-02-05T22:10:30","modified_gmt":"2025-02-05T21:10:30","slug":"kamila-fedorowicz","status":"publish","type":"page","link":"https:\/\/lancet-chelm.pl\/?page_id=5159","title":{"rendered":"Kamila Fedorowicz"},"content":{"rendered":"<div id=\"pl-5159\"  class=\"panel-layout\" ><div id=\"pg-5159-0\"  class=\"panel-grid panel-no-style\" ><div id=\"pgc-5159-0-0\"  class=\"panel-grid-cell\" ><div id=\"panel-5159-0-0-0\" class=\"so-panel widget widget_sow-editor panel-first-child\" data-index=\"0\" ><div\n\t\t\t\n\t\t\tclass=\"so-widget-sow-editor so-widget-sow-editor-base\"\n\t\t\t\n\t\t>\n<div class=\"siteorigin-widget-tinymce textwidget\">\n\t<h2>Kamila Fedorowicz<\/h2>\n<\/div>\n<\/div><\/div><div id=\"panel-5159-0-0-1\" class=\"so-panel widget widget_sow-editor panel-last-child\" data-index=\"1\" ><div\n\t\t\t\n\t\t\tclass=\"so-widget-sow-editor so-widget-sow-editor-base\"\n\t\t\t\n\t\t>\n<div class=\"siteorigin-widget-tinymce textwidget\">\n\t<ul>\n<li class=\"p1\" style=\"text-align: left;\"><span class=\"s1\"><span style=\"font-size: 13.0pt; font-family: 'UICTFontTextStyleBody',serif;\">Od kwietnia 2021 roku prowadz\u0119 rejestracj\u0119 przychodni Lancet. <\/span><\/span><\/li>\n<li class=\"p1\" style=\"text-align: left;\"><span class=\"s1\"><span style=\"font-size: 13.0pt; font-family: 'UICTFontTextStyleBody',serif;\">Uko\u0144czy\u0142am studia piel\u0119gniarskie I stopnia w PANS w Che\u0142mie.<\/span><\/span><\/li>\n<li class=\"p1\" style=\"text-align: left;\"><span class=\"s1\"><span style=\"font-size: 13.0pt; font-family: 'UICTFontTextStyleBody',serif;\">Obecnie kontynuuj\u0119 swoj\u0105 nauk\u0119, aby zdoby\u0107 tytu\u0142 magistra piel\u0119gniarstwa.<\/span><\/span><\/li>\n<li class=\"p1\" style=\"text-align: left;\"><span class=\"s1\"><span style=\"font-size: 13.0pt; font-family: 'UICTFontTextStyleBody',serif;\">W mojej pracy ceni\u0119 sobie mo\u017cliwo\u015b\u0107 rozwoju zawodowego i kontakt z pacjentami.\u00a0<\/span><\/span><\/li>\n<\/ul>\n<\/div>\n<\/div><\/div><\/div><div id=\"pgc-5159-0-1\"  class=\"panel-grid-cell\" ><div id=\"panel-5159-0-1-0\" class=\"so-panel widget widget_sow-image panel-first-child\" data-index=\"2\" ><div\n\t\t\t\n\t\t\tclass=\"so-widget-sow-image so-widget-sow-image-default-8b5b6f678277-5159\"\n\t\t\t\n\t\t>\n<div class=\"sow-image-container\">\n\t\t<img \n\tsrc=\"https:\/\/lancet-chelm.pl\/wp-content\/uploads\/2025\/02\/Kamila-Fedorowicz.jpg\" width=\"492\" height=\"738\" srcset=\"https:\/\/lancet-chelm.pl\/wp-content\/uploads\/2025\/02\/Kamila-Fedorowicz.jpg 492w, https:\/\/lancet-chelm.pl\/wp-content\/uploads\/2025\/02\/Kamila-Fedorowicz-200x300.jpg 200w\" sizes=\"(max-width: 492px) 100vw, 492px\" title=\"Kamila Fedorowicz\" alt=\"\" \t\tclass=\"so-widget-image\"\/>\n\t<\/div>\n\n<\/div><\/div><div id=\"panel-5159-0-1-1\" class=\"so-panel widget widget_sow-editor panel-last-child\" data-index=\"3\" ><div\n\t\t\t\n\t\t\tclass=\"so-widget-sow-editor so-widget-sow-editor-base\"\n\t\t\t\n\t\t>\n<div class=\"siteorigin-widget-tinymce textwidget\">\n\t<h4 style=\"text-align: center;\">e-mail:<\/h4>\n<h4 style=\"text-align: center;\"><a href=\"mailto:kfedorowicz@lancet-chelm.pl\">kfedorowicz@lancet-chelm.pl<\/a><\/h4>\n<\/div>\n<\/div><\/div><\/div><\/div><\/div>","protected":false},"excerpt":{"rendered":"<p>Kamila Fedorowicz Od kwietnia 2021 roku prowadz\u0119 rejestracj\u0119 przychodni Lancet. Uko\u0144czy\u0142am studia piel\u0119gniarskie I stopnia w PANS w Che\u0142mie. Obecnie kontynuuj\u0119 swoj\u0105 nauk\u0119, aby zdoby\u0107 tytu\u0142 magistra piel\u0119gniarstwa. W mojej pracy ceni\u0119 sobie mo\u017cliwo\u015b\u0107 rozwoju zawodowego i kontakt z pacjentami.\u00a0 e-mail: kfedorowicz@lancet-chelm.pl<\/p>\n","protected":false},"author":1,"featured_media":5326,"parent":233,"menu_order":9,"comment_status":"closed","ping_status":"closed","template":"","meta":{"footnotes":""},"class_list":["post-5159","page","type-page","status-publish","has-post-thumbnail","hentry"],"_links":{"self":[{"href":"https:\/\/lancet-chelm.pl\/index.php?rest_route=\/wp\/v2\/pages\/5159","targetHints":{"allow":["GET"]}}],"collection":[{"href":"https:\/\/lancet-chelm.pl\/index.php?rest_route=\/wp\/v2\/pages"}],"about":[{"href":"https:\/\/lancet-chelm.pl\/index.php?rest_route=\/wp\/v2\/types\/page"}],"author":[{"embeddable":true,"href":"https:\/\/lancet-chelm.pl\/index.php?rest_route=\/wp\/v2\/users\/1"}],"replies":[{"embeddable":true,"href":"https:\/\/lancet-chelm.pl\/index.php?rest_route=%2Fwp%2Fv2%2Fcomments&post=5159"}],"version-history":[{"count":8,"href":"https:\/\/lancet-chelm.pl\/index.php?rest_route=\/wp\/v2\/pages\/5159\/revisions"}],"predecessor-version":[{"id":5352,"href":"https:\/\/lancet-chelm.pl\/index.php?rest_route=\/wp\/v2\/pages\/5159\/revisions\/5352"}],"up":[{"embeddable":true,"href":"https:\/\/lancet-chelm.pl\/index.php?rest_route=\/wp\/v2\/pages\/233"}],"wp:featuredmedia":[{"embeddable":true,"href":"https:\/\/lancet-chelm.pl\/index.php?rest_route=\/wp\/v2\/media\/5326"}],"wp:attachment":[{"href":"https:\/\/lancet-chelm.pl\/index.php?rest_route=%2Fwp%2Fv2%2Fmedia&parent=5159"}],"curies":[{"name":"wp","href":"https:\/\/api.w.org\/{rel}","templated":true}]}}