{"id":5636,"date":"2026-03-23T20:40:43","date_gmt":"2026-03-23T19:40:43","guid":{"rendered":"https:\/\/lancet-chelm.pl\/?page_id=5636"},"modified":"2026-04-03T15:43:36","modified_gmt":"2026-04-03T13:43:36","slug":"badanie-kliniczne","status":"publish","type":"page","link":"https:\/\/lancet-chelm.pl\/?page_id=5636","title":{"rendered":"Badanie kliniczne"},"content":{"rendered":"<div id=\"pl-5636\"  class=\"panel-layout\" ><div id=\"pg-5636-0\"  class=\"panel-grid panel-no-style\" ><div id=\"pgc-5636-0-0\"  class=\"panel-grid-cell\" ><div id=\"panel-5636-0-0-0\" class=\"so-panel widget widget_sow-editor panel-first-child panel-last-child\" data-index=\"0\" ><div\n\t\t\t\n\t\t\tclass=\"so-widget-sow-editor so-widget-sow-editor-base\"\n\t\t\t\n\t\t>\n<div class=\"siteorigin-widget-tinymce textwidget\">\n\t<p>Pacjent\u00f3w z chorob\u0105 zwyrodnieniow\u0105 stawu kolanowego zapraszamy do udzia\u0142u w programie badawczym \u201e<em>Wp\u0142yw dodania osocza bogatop\u0142ytkowego PRP do kwasu hialuronowego na wyniki terapii choroby zwyrodnieniowej stawu kolanowego w postaci iniekcji. Prospektywne randomizowane badanie por\u00f3wnawcze<\/em>\u201d.<\/p>\n<p>W ramach badania pacjent otrzyma <strong>bezp\u0142atnie<\/strong> preparat dostawowy kwasu hialuronowego lub kwasu hialuronowego z osoczem bogatop\u0142ytkowym PRP, w zale\u017cno\u015bci od przydzielonej \u00a0grupy. W trakcie badania uczestnicy odb\u0119d\u0105 wizyt\u0119 kwalifikacyjn\u0105 W0, wizyt\u0119 iniekcyjn\u0105 W1 oraz 5 wizyt kontrolnych (W2-W6) w 1, 3, 6,12 i 18 miesi\u0105cu po wstrzykni\u0119ciu.<\/p>\n<p>Je\u015bli jeste\u015b zainteresowany udzia\u0142em w badaniu, zostaw swoje dane kontaktowe w formularzu obok. Zadzwonimy do Ciebie, \u017ceby wyja\u015bni\u0107 szczeg\u00f3\u0142y badania oraz zada\u0107 kilka pyta\u0144, na podstawie kt\u00f3rych dokonamy ostatecznej kwalifikacji do badania. Zg\u0142oszenia mo\u017cna r\u00f3wnie\u017c dokona\u0107 telefonicznie w godzinach pracy recepcji Lancetu \u2013 pn-pt 12:00-16:00 tel. <strong>82 575 0 575<\/strong>.<\/p>\n<\/div>\n<\/div><\/div><\/div><div id=\"pgc-5636-0-1\"  class=\"panel-grid-cell\" ><div id=\"panel-5636-0-1-0\" class=\"so-panel widget widget_sow-contact-form panel-first-child panel-last-child\" data-index=\"1\" ><div\n\t\t\t\n\t\t\tclass=\"so-widget-sow-contact-form so-widget-sow-contact-form-default-2dba59c62dd0-5636\"\n\t\t\t\n\t\t>\t<form\n\t\taction=\"\/index.php?rest_route=%2Fwp%2Fv2%2Fpages%2F5636\"\n\t\tmethod=\"POST\"\n\t\tclass=\"sow-contact-form\"\n\t\tid=\"contact-form-470b\"\n\t>\n\n\t\t\n\t\t\t\t\t<div class=\"sow-form-field sow-form-field-name\">\n\t\t\t\t<label class=\"sow-form-field-label-above\" for=\"sow-contact-form-field-imie-i-nazwisko-1\">\n\t\t\t\t<strong>\n\t\t\t\t\tImi\u0119 i Nazwisko\t\t\t\t\t\t\t\t\t<\/strong>\n\t\t\t<\/label>\n\t\t\t\t\t\t\t<div class=\"sow-field-container\">\n\t\t\t\t\t\t\t<input\n\t\t\ttype=\"text\"\n\t\t\tname=\"imie-i-nazwisko-1\"\n\t\t\tid=\"sow-contact-form-field-imie-i-nazwisko-1\"\n\t\t\tvalue=\"\"\n\t\t\tclass=\"sow-text-field\"\n\t\t\t\t\t\t\t\t\/>\n\t\t\t\t\t\t<\/div>\n\t\t\t\t\t\t\t<\/div>\n\t\t\t\t\t\t<div class=\"sow-form-field sow-form-field-email\">\n\t\t\t\t<label class=\"sow-form-field-label-above\" for=\"sow-contact-form-field-twoj-email-1\">\n\t\t\t\t<strong>\n\t\t\t\t\tTw\u00f3j Email\t\t\t\t\t\t\t\t\t<\/strong>\n\t\t\t<\/label>\n\t\t\t\t\t\t\t<div class=\"sow-field-container\">\n\t\t\t\t\t\t\t<input\n\t\t\ttype=\"email\"\n\t\t\tname=\"twoj-email-1\"\n\t\t\tid=\"sow-contact-form-field-twoj-email-1\"\n\t\t\tvalue=\"\"\n\t\t\tclass=\"sow-text-field\"\t\t\t\t\t\t\t\t\/>\n\t\t\t\t\t\t<\/div>\n\t\t\t\t\t\t\t<\/div>\n\t\t\t\t\t\t<div class=\"sow-form-field sow-form-field-tel\">\n\t\t\t\t<label class=\"sow-form-field-label-above\" for=\"sow-contact-form-field-nr-telefonu-1\">\n\t\t\t\t<strong>\n\t\t\t\t\tNr telefonu\t\t\t\t\t\t\t\t\t<\/strong>\n\t\t\t<\/label>\n\t\t\t\t\t\t\t<div class=\"sow-field-container\">\n\t\t\t\t\t\t\t<input\n\t\t\ttype=\"tel\"\n\t\t\tname=\"nr-telefonu-1\"\n\t\t\tid=\"sow-contact-form-field-nr-telefonu-1\"\n\t\t\tvalue=\"\"\n\t\t\tclass=\"sow-text-field\"\t\t\t\t\t\t\t\t\/>\n\t\t\t\t\t\t<\/div>\n\t\t\t\t\t\t\t<\/div>\n\t\t\t\t\t\t<div class=\"sow-form-field sow-form-field-textarea\">\n\t\t\t\t<label class=\"sow-form-field-label-above\" for=\"sow-contact-form-field-dodatkowa-wiadomosc-1\">\n\t\t\t\t<strong>\n\t\t\t\t\tDodatkowa wiadomo\u015b\u0107\t\t\t\t\t\t\t\t\t<\/strong>\n\t\t\t<\/label>\n\t\t\t\t\t\t\t<div class=\"sow-field-container\">\n\t\t\t\t\t\t\t<textarea\n\t\t\tname=\"dodatkowa-wiadomosc-1\"\n\t\t\tid=\"sow-contact-form-field-dodatkowa-wiadomosc-1\"\n\t\t\trows=\"10\"\n\t\t\t\t\t\t\t\t><\/textarea>\n\t\t\t\t\t\t<\/div>\n\t\t\t\t\t\t\t<\/div>\n\t\t\t\t\t\t<input\n\t\t\t\ttype=\"text\"\n\t\t\t\tname=\"sow-name\"\n\t\t\t\tclass=\"sow-text-field\"\n\t\t\t\tstyle=\"display: none !important; visibility: hidden !important;\"\n\t\t\t\tautocomplete=\"off\"\n\t\t\t\taria-hidden=\"true\"\n\t\t\t>\n\t\t\n\t\t\n\t\t<div class=\"sow-submit-wrapper \n\t\tsow-submit-styled\t\t\">\n\n\t\t\t<button\n\t\t\t\ttype=\"submit\"\n\t\t\t\tclass=\"sow-submit\n\t\t\t\t\t\t\t\t\"\n\t\t\t\tdata-js-key=\"c4ca4238a0b923820dcc509a6f75849b\" \t\t\t>\n\t\t\t\tSkontaktuj si\u0119 z nami\t\t\t<\/button>\n\t\t<\/div>\n\t\t\t\t<input\n\t\t\ttype=\"hidden\"\n\t\t\tname=\"instance_hash-1\"\n\t\t\tvalue=\"470b997e\"\n\t\t\/>\n\n\t\t<input type=\"hidden\" id=\"_wpnonce\" name=\"_wpnonce\" value=\"930209f3fa\" \/><input type=\"hidden\" name=\"_wp_http_referer\" value=\"\/index.php?rest_route=%2Fwp%2Fv2%2Fpages%2F5636\" \/>\t<\/form>\n\t<\/div><\/div><\/div><\/div><\/div>","protected":false},"excerpt":{"rendered":"<p>Pacjent\u00f3w z chorob\u0105 zwyrodnieniow\u0105 stawu kolanowego zapraszamy do udzia\u0142u w programie badawczym \u201eWp\u0142yw dodania osocza bogatop\u0142ytkowego PRP do kwasu hialuronowego na wyniki terapii choroby zwyrodnieniowej stawu kolanowego w postaci iniekcji. Prospektywne randomizowane badanie por\u00f3wnawcze\u201d. W ramach badania pacjent otrzyma bezp\u0142atnie preparat dostawowy kwasu hialuronowego lub kwasu hialuronowego z osoczem bogatop\u0142ytkowym PRP, w zale\u017cno\u015bci od przydzielonej&hellip;<\/p>\n","protected":false},"author":1,"featured_media":0,"parent":0,"menu_order":0,"comment_status":"closed","ping_status":"closed","template":"","meta":{"footnotes":""},"class_list":["post-5636","page","type-page","status-publish","hentry"],"_links":{"self":[{"href":"https:\/\/lancet-chelm.pl\/index.php?rest_route=\/wp\/v2\/pages\/5636","targetHints":{"allow":["GET"]}}],"collection":[{"href":"https:\/\/lancet-chelm.pl\/index.php?rest_route=\/wp\/v2\/pages"}],"about":[{"href":"https:\/\/lancet-chelm.pl\/index.php?rest_route=\/wp\/v2\/types\/page"}],"author":[{"embeddable":true,"href":"https:\/\/lancet-chelm.pl\/index.php?rest_route=\/wp\/v2\/users\/1"}],"replies":[{"embeddable":true,"href":"https:\/\/lancet-chelm.pl\/index.php?rest_route=%2Fwp%2Fv2%2Fcomments&post=5636"}],"version-history":[{"count":5,"href":"https:\/\/lancet-chelm.pl\/index.php?rest_route=\/wp\/v2\/pages\/5636\/revisions"}],"predecessor-version":[{"id":5646,"href":"https:\/\/lancet-chelm.pl\/index.php?rest_route=\/wp\/v2\/pages\/5636\/revisions\/5646"}],"wp:attachment":[{"href":"https:\/\/lancet-chelm.pl\/index.php?rest_route=%2Fwp%2Fv2%2Fmedia&parent=5636"}],"curies":[{"name":"wp","href":"https:\/\/api.w.org\/{rel}","templated":true}]}}