{"id":68,"date":"2017-08-12T18:43:19","date_gmt":"2017-08-12T18:43:19","guid":{"rendered":"http:\/\/demo.acmethemes.com\/medical-circle\/?page_id=68"},"modified":"2026-01-01T19:05:07","modified_gmt":"2026-01-01T18:05:07","slug":"experienced-doctors","status":"publish","type":"page","link":"https:\/\/lancet-chelm.pl\/?page_id=68","title":{"rendered":"Ortobiologia"},"content":{"rendered":"<div id=\"pl-68\"  class=\"panel-layout\" ><div id=\"pg-68-0\"  class=\"panel-grid panel-no-style\" ><div id=\"pgc-68-0-0\"  class=\"panel-grid-cell\" ><div id=\"panel-68-0-0-0\" class=\"so-panel widget widget_sow-editor panel-first-child\" data-index=\"0\" ><div\n\t\t\t\n\t\t\tclass=\"so-widget-sow-editor so-widget-sow-editor-base\"\n\t\t\t\n\t\t>\n<div class=\"siteorigin-widget-tinymce textwidget\">\n\t<p>W przychodni Lancet od 2018 roku prowadzone jest leczenie z wykorzystaniem preparat\u00f3w autogennych z krwi i tkanki t\u0142uszczowej: osocza bogatop\u0142ytkowego (PRP) i kom\u00f3rek mezenchymalnych. Terapia tego typu stosowana jest w chorobie zwyrodnieniowej staw\u00f3w, tendinopatiach i entezopatiach np. ostrodze pi\u0119towej, \u0142okciu tenisisty, niepe\u0142nych uszkodzeniach sto\u017cka rotator\u00f3w stawu ramiennego i innych.<\/p>\n<\/div>\n<\/div><\/div><div id=\"panel-68-0-0-1\" class=\"so-panel widget widget_medical_circle_posts_col panel-last-child\" data-index=\"1\" >            <section id=\"medical_circle_posts_col-9\" class=\"at-widgets acme-col-posts at-gray-bg\">\n                <div class=\"container\">\n\t                                    <div class=\"row\">\n                                                <div class=\"acme-widget-carausel\" \n                        data-speed=\"200\"\n                        data-fade=\"1\"\n                        data-autoplayspeed=\"3000\"\n                        data-autoplay=\"0\"\n                        data-slidestoshow=\"2\"\n                        data-arrows=\"1\">\n\t\t                                                    <div class=\"blog-item-wrapper item\">\n                                    <article id=\"post-5674\" class=\"init-animate post-5674 post type-post status-publish format-standard has-post-thumbnail hentry category-lancet category-ortobiologia\">\n                                        <div class=\"content-wrapper\">\n                                            <div class=\"image-wrap\">\n\t\t\t\t                                                                                    <!--post thumbnal options-->\n                                                    <div class=\"post-thumb\">\n                                                                                                                <a href=\"https:\/\/lancet-chelm.pl\/?p=5674\">\n\t\t                                                    <img loading=\"lazy\" decoding=\"async\" width=\"640\" height=\"479\" src=\"https:\/\/lancet-chelm.pl\/wp-content\/uploads\/2025\/02\/on-line_01.jpg\" class=\"attachment-large size-large wp-post-image\" alt=\"\" srcset=\"https:\/\/lancet-chelm.pl\/wp-content\/uploads\/2025\/02\/on-line_01.jpg 800w, https:\/\/lancet-chelm.pl\/wp-content\/uploads\/2025\/02\/on-line_01-300x225.jpg 300w, https:\/\/lancet-chelm.pl\/wp-content\/uploads\/2025\/02\/on-line_01-768x575.jpg 768w\" sizes=\"auto, (max-width: 640px) 100vw, 640px\" \/>                                                        <\/a>\n                                                        \n                                                    <\/div><!-- .post-thumb-->\n\t\t\t\t\t                                                                            <\/div>\n                                            <div class=\"entry-content \">\n                                                <div class=\"entry-header-title\">\n                                                    <h2 class=\"entry-title\">\n\t                                                                                                    <a title=\"Badanie kliniczne 2026\" href=\"https:\/\/lancet-chelm.pl\/?p=5674\">\n\t\t                                                Badanie kliniczne 2026                                                    <\/a>\n                                                                                                        <\/h2>\n                                                <\/div>\n                                                <footer class=\"entry-footer\">\n\t\t\t\t\t                                                                                <\/footer><!-- .entry-footer -->\n\t\t\t\t                                                                                    <a class=\"btn btn-primary\" href=\"https:\/\/lancet-chelm.pl\/?p=5674 \">\n\t\t\t\t\t\t                                Czytaj wi\u0119cej                                                    <\/a>\n\t\t\t\t\t                                                                            <\/div><!-- .entry-content -->\n                                        <\/div>\n                                    <\/article><!-- #post-## -->\n                                <\/div>\n                                                                <div class=\"blog-item-wrapper item\">\n                                    <article id=\"post-5611\" class=\"init-animate post-5611 post type-post status-publish format-standard has-post-thumbnail hentry category-lancet category-ortobiologia\">\n                                        <div class=\"content-wrapper\">\n                                            <div class=\"image-wrap\">\n\t\t\t\t                                                                                    <!--post thumbnal options-->\n                                                    <div class=\"post-thumb\">\n                                                                                                                <a href=\"https:\/\/lancet-chelm.pl\/?p=5611\">\n\t\t                                                    <img loading=\"lazy\" decoding=\"async\" width=\"554\" height=\"416\" src=\"https:\/\/lancet-chelm.pl\/wp-content\/uploads\/2026\/03\/ACP_003-e1774290968169.jpg\" class=\"attachment-large size-large wp-post-image\" alt=\"\" srcset=\"https:\/\/lancet-chelm.pl\/wp-content\/uploads\/2026\/03\/ACP_003-e1774290968169.jpg 554w, https:\/\/lancet-chelm.pl\/wp-content\/uploads\/2026\/03\/ACP_003-e1774290968169-300x225.jpg 300w\" sizes=\"auto, (max-width: 554px) 100vw, 554px\" \/>                                                        <\/a>\n                                                        \n                                                    <\/div><!-- .post-thumb-->\n\t\t\t\t\t                                                                            <\/div>\n                                            <div class=\"entry-content \">\n                                                <div class=\"entry-header-title\">\n                                                    <h2 class=\"entry-title\">\n\t                                                                                                    <a title=\"Co nowego w PRP w 2026 roku?\" href=\"https:\/\/lancet-chelm.pl\/?p=5611\">\n\t\t                                                Co nowego w PRP w 2026 roku?                                                    <\/a>\n                                                                                                        <\/h2>\n                                                <\/div>\n                                                <footer class=\"entry-footer\">\n\t\t\t\t\t                                                                                <\/footer><!-- .entry-footer -->\n\t\t\t\t                                                                                    <a class=\"btn btn-primary\" href=\"https:\/\/lancet-chelm.pl\/?p=5611 \">\n\t\t\t\t\t\t                                Czytaj wi\u0119cej                                                    <\/a>\n\t\t\t\t\t                                                                            <\/div><!-- .entry-content -->\n                                        <\/div>\n                                    <\/article><!-- #post-## -->\n                                <\/div>\n                                                                <div class=\"blog-item-wrapper item\">\n                                    <article id=\"post-5277\" class=\"init-animate post-5277 post type-post status-publish format-standard has-post-thumbnail hentry category-medyczne category-ortobiologia\">\n                                        <div class=\"content-wrapper\">\n                                            <div class=\"image-wrap\">\n\t\t\t\t                                                                                    <!--post thumbnal options-->\n                                                    <div class=\"post-thumb\">\n                                                                                                                <a href=\"https:\/\/lancet-chelm.pl\/?p=5277\">\n\t\t                                                    <img loading=\"lazy\" decoding=\"async\" width=\"588\" height=\"441\" src=\"https:\/\/lancet-chelm.pl\/wp-content\/uploads\/2025\/01\/ACPMax_02.jpg\" class=\"attachment-large size-large wp-post-image\" alt=\"\" srcset=\"https:\/\/lancet-chelm.pl\/wp-content\/uploads\/2025\/01\/ACPMax_02.jpg 588w, https:\/\/lancet-chelm.pl\/wp-content\/uploads\/2025\/01\/ACPMax_02-300x225.jpg 300w\" sizes=\"auto, (max-width: 588px) 100vw, 588px\" \/>                                                        <\/a>\n                                                        \n                                                    <\/div><!-- .post-thumb-->\n\t\t\t\t\t                                                                            <\/div>\n                                            <div class=\"entry-content \">\n                                                <div class=\"entry-header-title\">\n                                                    <h2 class=\"entry-title\">\n\t                                                                                                    <a title=\"Nowa terapia ACP Max\" href=\"https:\/\/lancet-chelm.pl\/?p=5277\">\n\t\t                                                Nowa terapia ACP Max                                                    <\/a>\n                                                                                                        <\/h2>\n                                                <\/div>\n                                                <footer class=\"entry-footer\">\n\t\t\t\t\t                                                                                <\/footer><!-- .entry-footer -->\n\t\t\t\t                                                                                    <a class=\"btn btn-primary\" href=\"https:\/\/lancet-chelm.pl\/?p=5277 \">\n\t\t\t\t\t\t                                Czytaj wi\u0119cej                                                    <\/a>\n\t\t\t\t\t                                                                            <\/div><!-- .entry-content -->\n                                        <\/div>\n                                    <\/article><!-- #post-## -->\n                                <\/div>\n                                                                <div class=\"blog-item-wrapper item\">\n                                    <article id=\"post-4588\" class=\"init-animate post-4588 post type-post status-publish format-standard has-post-thumbnail hentry category-medyczne category-ortobiologia\">\n                                        <div class=\"content-wrapper\">\n                                            <div class=\"image-wrap\">\n\t\t\t\t                                                                                    <!--post thumbnal options-->\n                                                    <div class=\"post-thumb\">\n                                                                                                                <a href=\"https:\/\/lancet-chelm.pl\/?p=4588\">\n\t\t                                                    <img loading=\"lazy\" decoding=\"async\" width=\"592\" height=\"444\" src=\"https:\/\/lancet-chelm.pl\/wp-content\/uploads\/2022\/12\/ACP_004.png\" class=\"attachment-large size-large wp-post-image\" alt=\"\" srcset=\"https:\/\/lancet-chelm.pl\/wp-content\/uploads\/2022\/12\/ACP_004.png 592w, https:\/\/lancet-chelm.pl\/wp-content\/uploads\/2022\/12\/ACP_004-300x225.png 300w\" sizes=\"auto, (max-width: 592px) 100vw, 592px\" \/>                                                        <\/a>\n                                                        \n                                                    <\/div><!-- .post-thumb-->\n\t\t\t\t\t                                                                            <\/div>\n                                            <div class=\"entry-content \">\n                                                <div class=\"entry-header-title\">\n                                                    <h2 class=\"entry-title\">\n\t                                                                                                    <a title=\"Terapia ACP Arthrex\" href=\"https:\/\/lancet-chelm.pl\/?p=4588\">\n\t\t                                                Terapia ACP Arthrex                                                    <\/a>\n                                                                                                        <\/h2>\n                                                <\/div>\n                                                <footer class=\"entry-footer\">\n\t\t\t\t\t                                                                                <\/footer><!-- .entry-footer -->\n\t\t\t\t                                                                                    <a class=\"btn btn-primary\" href=\"https:\/\/lancet-chelm.pl\/?p=4588 \">\n\t\t\t\t\t\t                                Czytaj wi\u0119cej                                                    <\/a>\n\t\t\t\t\t                                                                            <\/div><!-- .entry-content -->\n                                        <\/div>\n                                    <\/article><!-- #post-## -->\n                                <\/div>\n                                                                <div class=\"blog-item-wrapper item\">\n                                    <article id=\"post-4447\" class=\"init-animate post-4447 post type-post status-publish format-standard hentry category-medyczne category-ortobiologia\">\n                                        <div class=\"content-wrapper\">\n                                            <div class=\"image-wrap\">\n\t\t\t\t                                                                            <\/div>\n                                            <div class=\"entry-content no-image\">\n                                                <div class=\"entry-header-title\">\n                                                    <h2 class=\"entry-title\">\n\t                                                                                                    <a title=\"Monoshot (PRP+hialuronian)\" href=\"https:\/\/lancet-chelm.pl\/?p=4447\">\n\t\t                                                Monoshot (PRP+hialuronian)                                                    <\/a>\n                                                                                                        <\/h2>\n                                                <\/div>\n                                                <footer class=\"entry-footer\">\n\t\t\t\t\t                                                                                <\/footer><!-- .entry-footer -->\n\t\t\t\t                                                                                    <a class=\"btn btn-primary\" href=\"https:\/\/lancet-chelm.pl\/?p=4447 \">\n\t\t\t\t\t\t                                Czytaj wi\u0119cej                                                    <\/a>\n\t\t\t\t\t                                                                            <\/div><!-- .entry-content -->\n                                        <\/div>\n                                    <\/article><!-- #post-## -->\n                                <\/div>\n                                                                <div class=\"blog-item-wrapper item\">\n                                    <article id=\"post-4372\" class=\"init-animate post-4372 post type-post status-publish format-standard has-post-thumbnail hentry category-medyczne category-ortobiologia\">\n                                        <div class=\"content-wrapper\">\n                                            <div class=\"image-wrap\">\n\t\t\t\t                                                                                    <!--post thumbnal options-->\n                                                    <div class=\"post-thumb\">\n                                                                                                                <a href=\"https:\/\/lancet-chelm.pl\/?p=4372\">\n\t\t                                                    <img loading=\"lazy\" decoding=\"async\" width=\"542\" height=\"406\" src=\"https:\/\/lancet-chelm.pl\/wp-content\/uploads\/2022\/07\/wint_05.png\" class=\"attachment-large size-large wp-post-image\" alt=\"\" srcset=\"https:\/\/lancet-chelm.pl\/wp-content\/uploads\/2022\/07\/wint_05.png 542w, https:\/\/lancet-chelm.pl\/wp-content\/uploads\/2022\/07\/wint_05-300x225.png 300w\" sizes=\"auto, (max-width: 542px) 100vw, 542px\" \/>                                                        <\/a>\n                                                        \n                                                    <\/div><!-- .post-thumb-->\n\t\t\t\t\t                                                                            <\/div>\n                                            <div class=\"entry-content \">\n                                                <div class=\"entry-header-title\">\n                                                    <h2 class=\"entry-title\">\n\t                                                                                                    <a title=\"WINT\" href=\"https:\/\/lancet-chelm.pl\/?p=4372\">\n\t\t                                                WINT                                                    <\/a>\n                                                                                                        <\/h2>\n                                                <\/div>\n                                                <footer class=\"entry-footer\">\n\t\t\t\t\t                                                                                <\/footer><!-- .entry-footer -->\n\t\t\t\t                                                                                    <a class=\"btn btn-primary\" href=\"https:\/\/lancet-chelm.pl\/?p=4372 \">\n\t\t\t\t\t\t                                Czytaj wi\u0119cej                                                    <\/a>\n\t\t\t\t\t                                                                            <\/div><!-- .entry-content -->\n                                        <\/div>\n                                    <\/article><!-- #post-## -->\n                                <\/div>\n                                                                <div class=\"blog-item-wrapper item\">\n                                    <article id=\"post-167\" class=\"init-animate post-167 post type-post status-publish format-standard hentry category-medyczne category-ortobiologia\">\n                                        <div class=\"content-wrapper\">\n                                            <div class=\"image-wrap\">\n\t\t\t\t                                                                            <\/div>\n                                            <div class=\"entry-content no-image\">\n                                                <div class=\"entry-header-title\">\n                                                    <h2 class=\"entry-title\">\n\t                                                                                                    <a title=\"Osocze bogatop\u0142ytkowe\" href=\"https:\/\/lancet-chelm.pl\/?p=167\">\n\t\t                                                Osocze bogatop\u0142ytkowe                                                    <\/a>\n                                                                                                        <\/h2>\n                                                <\/div>\n                                                <footer class=\"entry-footer\">\n\t\t\t\t\t                                                                                <\/footer><!-- .entry-footer -->\n\t\t\t\t                                                                                    <a class=\"btn btn-primary\" href=\"https:\/\/lancet-chelm.pl\/?p=167 \">\n\t\t\t\t\t\t                                Czytaj wi\u0119cej                                                    <\/a>\n\t\t\t\t\t                                                                            <\/div><!-- .entry-content -->\n                                        <\/div>\n                                    <\/article><!-- #post-## -->\n                                <\/div>\n                                                        <\/div><!--slider attr-->\n                                        <\/div><!--row-->\n                                    <\/div>\n            <\/section>\n            <\/div><\/div><\/div><\/div>","protected":false},"excerpt":{"rendered":"<p>W przychodni Lancet od 2018 roku prowadzone jest leczenie z wykorzystaniem preparat\u00f3w autogennych z krwi i tkanki t\u0142uszczowej: osocza bogatop\u0142ytkowego (PRP) i kom\u00f3rek mezenchymalnych. Terapia tego typu stosowana jest w chorobie zwyrodnieniowej staw\u00f3w, tendinopatiach i entezopatiach np. ostrodze pi\u0119towej, \u0142okciu tenisisty, niepe\u0142nych uszkodzeniach sto\u017cka rotator\u00f3w stawu ramiennego i innych.<\/p>\n","protected":false},"author":1,"featured_media":5306,"parent":0,"menu_order":0,"comment_status":"closed","ping_status":"closed","template":"","meta":{"footnotes":""},"class_list":["post-68","page","type-page","status-publish","has-post-thumbnail","hentry"],"_links":{"self":[{"href":"https:\/\/lancet-chelm.pl\/index.php?rest_route=\/wp\/v2\/pages\/68","targetHints":{"allow":["GET"]}}],"collection":[{"href":"https:\/\/lancet-chelm.pl\/index.php?rest_route=\/wp\/v2\/pages"}],"about":[{"href":"https:\/\/lancet-chelm.pl\/index.php?rest_route=\/wp\/v2\/types\/page"}],"author":[{"embeddable":true,"href":"https:\/\/lancet-chelm.pl\/index.php?rest_route=\/wp\/v2\/users\/1"}],"replies":[{"embeddable":true,"href":"https:\/\/lancet-chelm.pl\/index.php?rest_route=%2Fwp%2Fv2%2Fcomments&post=68"}],"version-history":[{"count":5,"href":"https:\/\/lancet-chelm.pl\/index.php?rest_route=\/wp\/v2\/pages\/68\/revisions"}],"predecessor-version":[{"id":5576,"href":"https:\/\/lancet-chelm.pl\/index.php?rest_route=\/wp\/v2\/pages\/68\/revisions\/5576"}],"wp:featuredmedia":[{"embeddable":true,"href":"https:\/\/lancet-chelm.pl\/index.php?rest_route=\/wp\/v2\/media\/5306"}],"wp:attachment":[{"href":"https:\/\/lancet-chelm.pl\/index.php?rest_route=%2Fwp%2Fv2%2Fmedia&parent=68"}],"curies":[{"name":"wp","href":"https:\/\/api.w.org\/{rel}","templated":true}]}}