{"id":97,"date":"2017-08-13T07:26:30","date_gmt":"2017-08-13T07:26:30","guid":{"rendered":"http:\/\/demo.acmethemes.com\/medical-circle\/?page_id=97"},"modified":"2020-05-29T18:30:28","modified_gmt":"2020-05-29T18:30:28","slug":"is-there-any-free-service-for-special-people","status":"publish","type":"page","link":"https:\/\/lancet-chelm.pl\/?page_id=97","title":{"rendered":"Jak mog\u0119 zarejestrowa\u0107 si\u0119 na wizyt\u0119 lekarsk\u0105 w przychodni Lancet?"},"content":{"rendered":"<p>Najprostszym sposobem rejestracji na wizyt\u0119 w Przychodni Specjalistycznej LANCET jest rejestracja telefoniczna pod nr +48 82 5750575. Rejestracja telefoniczna czynna jest w godzinach pracy przychodni, kt\u00f3re mo\u017cesz zobaczy\u0107 na stronie g\u0142\u00f3wnej. Oczywi\u015bcie istnieje mo\u017cliwo\u015b\u0107 rejestracji osobi\u015bcie i przez <a href=\"http:\/\/lancet-chelm.pl\/?page_id=2\" target=\"_blank\" rel=\"noopener noreferrer\">stron\u0119 internetow\u0105<\/a>. W przypadku konieczno\u015bci rezygnacji z wizyty lub potrzeby jej przesuni\u0119cia prosimy o telefoniczny kontakt.<\/p>\n","protected":false},"excerpt":{"rendered":"<p>Najprostszym sposobem rejestracji na wizyt\u0119 w Przychodni Specjalistycznej LANCET jest rejestracja telefoniczna pod nr +48 82 5750575. Rejestracja telefoniczna czynna jest w godzinach pracy przychodni, kt\u00f3re mo\u017cesz zobaczy\u0107 na stronie g\u0142\u00f3wnej. Oczywi\u015bcie istnieje mo\u017cliwo\u015b\u0107 rejestracji osobi\u015bcie i przez stron\u0119 internetow\u0105. W przypadku konieczno\u015bci rezygnacji z wizyty lub potrzeby jej przesuni\u0119cia prosimy o telefoniczny kontakt.<\/p>\n","protected":false},"author":1,"featured_media":0,"parent":0,"menu_order":0,"comment_status":"closed","ping_status":"closed","template":"","meta":{"footnotes":""},"class_list":["post-97","page","type-page","status-publish","hentry"],"_links":{"self":[{"href":"https:\/\/lancet-chelm.pl\/index.php?rest_route=\/wp\/v2\/pages\/97","targetHints":{"allow":["GET"]}}],"collection":[{"href":"https:\/\/lancet-chelm.pl\/index.php?rest_route=\/wp\/v2\/pages"}],"about":[{"href":"https:\/\/lancet-chelm.pl\/index.php?rest_route=\/wp\/v2\/types\/page"}],"author":[{"embeddable":true,"href":"https:\/\/lancet-chelm.pl\/index.php?rest_route=\/wp\/v2\/users\/1"}],"replies":[{"embeddable":true,"href":"https:\/\/lancet-chelm.pl\/index.php?rest_route=%2Fwp%2Fv2%2Fcomments&post=97"}],"version-history":[{"count":5,"href":"https:\/\/lancet-chelm.pl\/index.php?rest_route=\/wp\/v2\/pages\/97\/revisions"}],"predecessor-version":[{"id":2943,"href":"https:\/\/lancet-chelm.pl\/index.php?rest_route=\/wp\/v2\/pages\/97\/revisions\/2943"}],"wp:attachment":[{"href":"https:\/\/lancet-chelm.pl\/index.php?rest_route=%2Fwp%2Fv2%2Fmedia&parent=97"}],"curies":[{"name":"wp","href":"https:\/\/api.w.org\/{rel}","templated":true}]}}