{"id":99,"date":"2017-08-13T07:27:32","date_gmt":"2017-08-13T07:27:32","guid":{"rendered":"http:\/\/demo.acmethemes.com\/medical-circle\/?page_id=99"},"modified":"2019-06-20T17:20:07","modified_gmt":"2019-06-20T17:20:07","slug":"what-is-waiting-period-for-general-checkup","status":"publish","type":"page","link":"https:\/\/lancet-chelm.pl\/?page_id=99","title":{"rendered":"Jak d\u0142ugi jest termin oczekiwania na wizyt\u0119?"},"content":{"rendered":"<p>Czas oczekiwania na wizyt\u0119 lekarsk\u0105 waha si\u0119 w zale\u017cno\u015bci od wybranego lekarza od 1 do 14 tygodni.<\/p>\n","protected":false},"excerpt":{"rendered":"<p>Czas oczekiwania na wizyt\u0119 lekarsk\u0105 waha si\u0119 w zale\u017cno\u015bci od wybranego lekarza od 1 do 14 tygodni.<\/p>\n","protected":false},"author":1,"featured_media":0,"parent":0,"menu_order":0,"comment_status":"closed","ping_status":"closed","template":"","meta":{"footnotes":""},"class_list":["post-99","page","type-page","status-publish","hentry"],"_links":{"self":[{"href":"https:\/\/lancet-chelm.pl\/index.php?rest_route=\/wp\/v2\/pages\/99","targetHints":{"allow":["GET"]}}],"collection":[{"href":"https:\/\/lancet-chelm.pl\/index.php?rest_route=\/wp\/v2\/pages"}],"about":[{"href":"https:\/\/lancet-chelm.pl\/index.php?rest_route=\/wp\/v2\/types\/page"}],"author":[{"embeddable":true,"href":"https:\/\/lancet-chelm.pl\/index.php?rest_route=\/wp\/v2\/users\/1"}],"replies":[{"embeddable":true,"href":"https:\/\/lancet-chelm.pl\/index.php?rest_route=%2Fwp%2Fv2%2Fcomments&post=99"}],"version-history":[{"count":3,"href":"https:\/\/lancet-chelm.pl\/index.php?rest_route=\/wp\/v2\/pages\/99\/revisions"}],"predecessor-version":[{"id":1641,"href":"https:\/\/lancet-chelm.pl\/index.php?rest_route=\/wp\/v2\/pages\/99\/revisions\/1641"}],"wp:attachment":[{"href":"https:\/\/lancet-chelm.pl\/index.php?rest_route=%2Fwp%2Fv2%2Fmedia&parent=99"}],"curies":[{"name":"wp","href":"https:\/\/api.w.org\/{rel}","templated":true}]}}